{"id":385,"date":"2025-07-15T18:42:43","date_gmt":"2025-07-15T18:42:43","guid":{"rendered":"https:\/\/scanwai.com\/page-5\/"},"modified":"2025-07-19T16:59:58","modified_gmt":"2025-07-19T16:59:58","slug":"order","status":"publish","type":"page","link":"https:\/\/scanwai.com\/fi\/order\/","title":{"rendered":"Tilaa"},"content":{"rendered":"<div data-elementor-type=\"wp-page\" data-elementor-id=\"385\" class=\"elementor elementor-385\" data-elementor-post-type=\"page\">\n\t\t\t\t<div class=\"elementor-element elementor-element-7d961de6 e-flex e-con-boxed e-con e-parent\" data-id=\"7d961de6\" data-element_type=\"container\">\n\t\t\t\t\t<div class=\"e-con-inner\">\n\t\t<div class=\"elementor-element elementor-element-29ff67d4 e-flex e-con-boxed e-con e-child\" data-id=\"29ff67d4\" data-element_type=\"container\" data-settings=\"{&quot;background_background&quot;:&quot;classic&quot;}\">\n\t\t\t\t\t<div class=\"e-con-inner\">\n\t\t\t\t<div class=\"elementor-element elementor-element-4eb2ca11 elementor-widget elementor-widget-heading\" data-id=\"4eb2ca11\" data-element_type=\"widget\" data-widget_type=\"heading.default\">\n\t\t\t\t\t<h2 class=\"elementor-heading-title elementor-size-default\">Kokeile <span style=\"color:#13569F\">ScanwAi\u2019ta<\/span><br>1 kuukauden t\u00e4ysi k\u00e4ytt\u00f6oikeus vain <span style=\"color:#469A46\">\u20ac1999 <\/span><\/h2>\t\t\t\t<\/div>\n\t\t\t\t<div class=\"elementor-element elementor-element-467a6f65 elementor-widget__width-initial elementor-widget elementor-widget-text-editor\" data-id=\"467a6f65\" data-element_type=\"widget\" data-widget_type=\"text-editor.default\">\n\t\t\t\t\t\t\t\t\t<p>Hy\u00f6dynn\u00e4 teko\u00e4lypohjaisen infrastruktuurin valvonnan teho ja uudista teiden kunnossapitosi \u2013 riskitt\u00f6m\u00e4sti ja ilman pitk\u00e4aikaisia sitoumuksia.<\/p>\t\t\t\t\t\t\t\t<\/div>\n\t\t\t\t\t<\/div>\n\t\t\t\t<\/div>\n\t\t\t\t\t<\/div>\n\t\t\t\t<\/div>\n\t\t<div class=\"elementor-element elementor-element-3a6ded31 e-flex e-con-boxed e-con e-parent\" data-id=\"3a6ded31\" data-element_type=\"container\">\n\t\t\t\t\t<div class=\"e-con-inner\">\n\t\t\t\t<div class=\"elementor-element elementor-element-1431bdc4 elementor-position-left elementor-vertical-align-middle elementor-view-default elementor-mobile-position-top elementor-widget elementor-widget-icon-box\" data-id=\"1431bdc4\" data-element_type=\"widget\" data-widget_type=\"icon-box.default\">\n\t\t\t\t\t\t\t<div class=\"elementor-icon-box-wrapper\">\n\n\t\t\t\t\t\t<div class=\"elementor-icon-box-icon\">\n\t\t\t\t<span  class=\"elementor-icon\">\n\t\t\t\t<svg xmlns=\"http:\/\/www.w3.org\/2000\/svg\" width=\"53\" height=\"55\" viewbox=\"0 0 53 55\" fill=\"none\"><path d=\"M41.6432 0H53.0004L42.4004 54.5141H30.2861L41.6432 0Z\" fill=\"#13569F\"><\/path><path d=\"M26.4994 0H37.8566L27.2566 54.5141H15.1423L26.4994 0Z\" fill=\"#13569F\"><\/path><path d=\"M11.3571 0H22.7142L12.1143 54.5141H0L11.3571 0Z\" fill=\"#13569F\"><\/path><\/svg>\t\t\t\t<\/span>\n\t\t\t<\/div>\n\t\t\t\n\t\t\t\t\t\t<div class=\"elementor-icon-box-content\">\n\n\t\t\t\t\t\t\t\t\t<h3 class=\"elementor-icon-box-title\">\n\t\t\t\t\t\t<span  >\n\t\t\t\t\t\t\tSIS\u00c4LT\u00d6:\t\t\t\t\t\t<\/span>\n\t\t\t\t\t<\/h3>\n\t\t\t\t\n\t\t\t\t\n\t\t\t<\/div>\n\t\t\t\n\t\t<\/div>\n\t\t\t\t\t\t<\/div>\n\t\t<div class=\"elementor-element elementor-element-72b504bb e-con-full e-flex e-con e-child\" data-id=\"72b504bb\" data-element_type=\"container\">\n\t\t<div class=\"elementor-element elementor-element-317dd142 e-con-full e-flex e-con e-child\" data-id=\"317dd142\" data-element_type=\"container\">\n\t\t<div class=\"elementor-element elementor-element-471b54db e-con-full e-flex e-con e-child\" data-id=\"471b54db\" data-element_type=\"container\">\n\t\t<div class=\"elementor-element elementor-element-75892fda e-con-full e-flex e-con e-child\" data-id=\"75892fda\" data-element_type=\"container\" data-settings=\"{&quot;background_background&quot;:&quot;classic&quot;}\">\n\t\t\t\t<div class=\"elementor-element elementor-element-4ba720bc elementor-widget__width-initial elementor-widget elementor-widget-image\" data-id=\"4ba720bc\" data-element_type=\"widget\" data-widget_type=\"image.default\">\n\t\t\t\t\t\t\t\t\t\t\t\t\t\t\t<img decoding=\"async\" width=\"100\" height=\"100\" src=\"https:\/\/scanwai.com\/wp-content\/uploads\/2025\/07\/Group-1000006220.png\" class=\"attachment-full size-full wp-image-41\" alt=\"\" \/>\t\t\t\t\t\t\t\t\t\t\t\t\t\t\t<\/div>\n\t\t\t\t<div class=\"elementor-element elementor-element-5e6b8017 elementor-widget__width-initial elementor-widget elementor-widget-text-editor\" data-id=\"5e6b8017\" data-element_type=\"widget\" data-widget_type=\"text-editor.default\">\n\t\t\t\t\t\t\t\t\t<p>Teko\u00e4lypohjainen tieolosuhteiden analyysi \u2013 tunnistaa kuopat, halkeamat ja muut viat<\/p>\t\t\t\t\t\t\t\t<\/div>\n\t\t\t\t<\/div>\n\t\t<div class=\"elementor-element elementor-element-1c6bc306 e-con-full e-flex e-con e-child\" data-id=\"1c6bc306\" data-element_type=\"container\" data-settings=\"{&quot;background_background&quot;:&quot;classic&quot;}\">\n\t\t\t\t<div class=\"elementor-element elementor-element-126a2e7a elementor-widget__width-initial elementor-widget elementor-widget-image\" data-id=\"126a2e7a\" data-element_type=\"widget\" data-widget_type=\"image.default\">\n\t\t\t\t\t\t\t\t\t\t\t\t\t\t\t<img decoding=\"async\" width=\"100\" height=\"100\" src=\"https:\/\/scanwai.com\/wp-content\/uploads\/2025\/07\/Group-1000006221.png\" class=\"attachment-full size-full wp-image-42\" alt=\"\" \/>\t\t\t\t\t\t\t\t\t\t\t\t\t\t\t<\/div>\n\t\t\t\t<div class=\"elementor-element elementor-element-4d95cbcf elementor-widget__width-initial elementor-widget elementor-widget-text-editor\" data-id=\"4d95cbcf\" data-element_type=\"widget\" data-widget_type=\"text-editor.default\">\n\t\t\t\t\t\t\t\t\t<p>Liikennemerkkien n\u00e4yteinventaario 5 km matkalla nykytilan arvioimiseksi ja tarvittavien p\u00e4ivitysten tunnistamiseksi<\/p>\t\t\t\t\t\t\t\t<\/div>\n\t\t\t\t<\/div>\n\t\t<div class=\"elementor-element elementor-element-297295eb e-con-full e-flex e-con e-child\" data-id=\"297295eb\" data-element_type=\"container\" data-settings=\"{&quot;background_background&quot;:&quot;classic&quot;}\">\n\t\t\t\t<div class=\"elementor-element elementor-element-d8d1836 elementor-widget__width-initial elementor-widget elementor-widget-image\" data-id=\"d8d1836\" data-element_type=\"widget\" data-widget_type=\"image.default\">\n\t\t\t\t\t\t\t\t\t\t\t\t\t\t\t<img decoding=\"async\" width=\"100\" height=\"100\" src=\"https:\/\/scanwai.com\/wp-content\/uploads\/2025\/07\/Group-1000006222.png\" class=\"attachment-full size-full wp-image-43\" alt=\"\" \/>\t\t\t\t\t\t\t\t\t\t\t\t\t\t\t<\/div>\n\t\t\t\t<div class=\"elementor-element elementor-element-360f2881 elementor-widget__width-initial elementor-widget elementor-widget-text-editor\" data-id=\"360f2881\" data-element_type=\"widget\" data-widget_type=\"text-editor.default\">\n\t\t\t\t\t\t\t\t\t<p>Datan analysointi ja l\u00e4mp\u00f6kartat \u2013 kriittisten huoltoa vaativien alueiden tunnistaminen<\/p>\t\t\t\t\t\t\t\t<\/div>\n\t\t\t\t<\/div>\n\t\t\t\t<\/div>\n\t\t\t\t<\/div>\n\t\t\t\t<\/div>\n\t\t\t\t\t<\/div>\n\t\t\t\t<\/div>\n\t\t<div class=\"elementor-element elementor-element-55634307 e-flex e-con-boxed e-con e-parent\" data-id=\"55634307\" data-element_type=\"container\">\n\t\t\t\t\t<div class=\"e-con-inner\">\n\t\t<div class=\"elementor-element elementor-element-20d46723 e-con-full e-flex e-con e-child\" data-id=\"20d46723\" data-element_type=\"container\">\n\t\t<div class=\"elementor-element elementor-element-40801574 e-con-full e-flex e-con e-child\" data-id=\"40801574\" data-element_type=\"container\">\n\t\t\t\t<div class=\"elementor-element elementor-element-7aa31bab elementor-position-left elementor-vertical-align-middle elementor-view-default elementor-mobile-position-top elementor-widget elementor-widget-icon-box\" data-id=\"7aa31bab\" data-element_type=\"widget\" data-widget_type=\"icon-box.default\">\n\t\t\t\t\t\t\t<div class=\"elementor-icon-box-wrapper\">\n\n\t\t\t\t\t\t<div class=\"elementor-icon-box-icon\">\n\t\t\t\t<span  class=\"elementor-icon\">\n\t\t\t\t<svg xmlns=\"http:\/\/www.w3.org\/2000\/svg\" width=\"53\" height=\"55\" viewbox=\"0 0 53 55\" fill=\"none\"><path d=\"M41.6432 0H53.0004L42.4004 54.5141H30.2861L41.6432 0Z\" fill=\"#13569F\"><\/path><path d=\"M26.4994 0H37.8566L27.2566 54.5141H15.1423L26.4994 0Z\" fill=\"#13569F\"><\/path><path d=\"M11.3571 0H22.7142L12.1143 54.5141H0L11.3571 0Z\" fill=\"#13569F\"><\/path><\/svg>\t\t\t\t<\/span>\n\t\t\t<\/div>\n\t\t\t\n\t\t\t\t\t\t<div class=\"elementor-icon-box-content\">\n\n\t\t\t\t\t\t\t\t\t<h3 class=\"elementor-icon-box-title\">\n\t\t\t\t\t\t<span  >\n\t\t\t\t\t\t\tMiksi valita ScanwAi?\t\t\t\t\t\t<\/span>\n\t\t\t\t\t<\/h3>\n\t\t\t\t\n\t\t\t\t\n\t\t\t<\/div>\n\t\t\t\n\t\t<\/div>\n\t\t\t\t\t\t<\/div>\n\t\t\t\t<div class=\"elementor-element elementor-element-58c5ddb elementor-absolute elementor-widget-divider--view-line elementor-widget elementor-widget-divider\" data-id=\"58c5ddb\" data-element_type=\"widget\" data-settings=\"{&quot;_position&quot;:&quot;absolute&quot;}\" data-widget_type=\"divider.default\">\n\t\t\t\t\t\t\t<div class=\"elementor-divider\">\n\t\t\t<span class=\"elementor-divider-separator\">\n\t\t\t\t\t\t<\/span>\n\t\t<\/div>\n\t\t\t\t\t\t<\/div>\n\t\t\t\t<\/div>\n\t\t\t\t<\/div>\n\t\t<div class=\"elementor-element elementor-element-4871f6e1 e-con-full e-flex e-con e-child\" data-id=\"4871f6e1\" data-element_type=\"container\">\n\t\t<div class=\"elementor-element elementor-element-1c4e16d0 e-con-full e-flex e-con e-child\" data-id=\"1c4e16d0\" data-element_type=\"container\">\n\t\t\t\t<div class=\"elementor-element elementor-element-6774f05a elementor-widget__width-initial elementor-widget elementor-widget-image\" data-id=\"6774f05a\" data-element_type=\"widget\" data-widget_type=\"image.default\">\n\t\t\t\t\t\t\t\t\t\t\t\t\t\t\t<img loading=\"lazy\" decoding=\"async\" width=\"137\" height=\"137\" src=\"https:\/\/scanwai.com\/wp-content\/uploads\/2025\/07\/Group-1000006224.png\" class=\"attachment-full size-full wp-image-44\" alt=\"\" \/>\t\t\t\t\t\t\t\t\t\t\t\t\t\t\t<\/div>\n\t\t\t\t<div class=\"elementor-element elementor-element-18fc77f6 elementor-widget__width-initial elementor-widget elementor-widget-text-editor\" data-id=\"18fc77f6\" data-element_type=\"widget\" data-widget_type=\"text-editor.default\">\n\t\t\t\t\t\t\t\t\t<p><b>Leikkaa yll\u00e4pitokustannuksia jopa 40 %<\/b> havaitsemalla ongelmat varhaisessa vaiheessa<\/p>\t\t\t\t\t\t\t\t<\/div>\n\t\t\t\t<\/div>\n\t\t<div class=\"elementor-element elementor-element-22d2d09d e-con-full e-flex e-con e-child\" data-id=\"22d2d09d\" data-element_type=\"container\">\n\t\t\t\t<div class=\"elementor-element elementor-element-9df7192 elementor-widget__width-initial elementor-widget elementor-widget-image\" data-id=\"9df7192\" data-element_type=\"widget\" data-widget_type=\"image.default\">\n\t\t\t\t\t\t\t\t\t\t\t\t\t\t\t<img loading=\"lazy\" decoding=\"async\" width=\"137\" height=\"137\" src=\"https:\/\/scanwai.com\/wp-content\/uploads\/2025\/07\/Group-1000006225.png\" class=\"attachment-full size-full wp-image-45\" alt=\"\" \/>\t\t\t\t\t\t\t\t\t\t\t\t\t\t\t<\/div>\n\t\t\t\t<div class=\"elementor-element elementor-element-7a1d0494 elementor-widget__width-initial elementor-widget elementor-widget-text-editor\" data-id=\"7a1d0494\" data-element_type=\"widget\" data-widget_type=\"text-editor.default\">\n\t\t\t\t\t\t\t\t\t<p><b>Pidenn\u00e4 teiden k\u00e4ytt\u00f6ik\u00e4\u00e4 50\u2013100 %<\/b> ennakoivilla korjauksilla<\/p>\t\t\t\t\t\t\t\t<\/div>\n\t\t\t\t<\/div>\n\t\t<div class=\"elementor-element elementor-element-2d1a9cc9 e-con-full e-flex e-con e-child\" data-id=\"2d1a9cc9\" data-element_type=\"container\">\n\t\t\t\t<div class=\"elementor-element elementor-element-6b88c252 elementor-widget__width-initial elementor-widget elementor-widget-image\" data-id=\"6b88c252\" data-element_type=\"widget\" data-widget_type=\"image.default\">\n\t\t\t\t\t\t\t\t\t\t\t\t\t\t\t<img loading=\"lazy\" decoding=\"async\" width=\"137\" height=\"137\" src=\"https:\/\/scanwai.com\/wp-content\/uploads\/2025\/07\/Group-1000006226.png\" class=\"attachment-full size-full wp-image-46\" alt=\"\" \/>\t\t\t\t\t\t\t\t\t\t\t\t\t\t\t<\/div>\n\t\t\t\t<div class=\"elementor-element elementor-element-1f141f80 elementor-widget__width-initial elementor-widget elementor-widget-text-editor\" data-id=\"1f141f80\" data-element_type=\"widget\" data-widget_type=\"text-editor.default\">\n\t\t\t\t\t\t\t\t\t<p><b>Paranna turvallisuutta<\/b> v\u00e4hent\u00e4m\u00e4ll\u00e4 onnettomuuksia ja ajoneuvovaurioita<\/p>\t\t\t\t\t\t\t\t<\/div>\n\t\t\t\t<\/div>\n\t\t<div class=\"elementor-element elementor-element-3cf583c1 e-con-full e-flex e-con e-child\" data-id=\"3cf583c1\" data-element_type=\"container\">\n\t\t\t\t<div class=\"elementor-element elementor-element-1518bec1 elementor-widget__width-initial elementor-widget elementor-widget-image\" data-id=\"1518bec1\" data-element_type=\"widget\" data-widget_type=\"image.default\">\n\t\t\t\t\t\t\t\t\t\t\t\t\t\t\t<img loading=\"lazy\" decoding=\"async\" width=\"137\" height=\"137\" src=\"https:\/\/scanwai.com\/wp-content\/uploads\/2025\/07\/Group-1000006227.png\" class=\"attachment-full size-full wp-image-47\" alt=\"\" \/>\t\t\t\t\t\t\t\t\t\t\t\t\t\t\t<\/div>\n\t\t\t\t<div class=\"elementor-element elementor-element-116d5fa4 elementor-widget__width-initial elementor-widget elementor-widget-text-editor\" data-id=\"116d5fa4\" data-element_type=\"widget\" data-widget_type=\"text-editor.default\">\n\t\t\t\t\t\t\t\t\t<p><b>Tue kest\u00e4v\u00e4n kehityksen tavoitteita<\/b> optimoidulla resurssien k\u00e4yt\u00f6ll\u00e4 ja pienemmill\u00e4 p\u00e4\u00e4st\u00f6ill\u00e4<\/p>\t\t\t\t\t\t\t\t<\/div>\n\t\t\t\t<\/div>\n\t\t\t\t<\/div>\n\t\t\t\t\t<\/div>\n\t\t\t\t<\/div>\n\t\t<div class=\"elementor-element elementor-element-6b5760b2 e-con-full e-flex e-con e-parent\" data-id=\"6b5760b2\" data-element_type=\"container\" data-settings=\"{&quot;background_background&quot;:&quot;classic&quot;}\">\n\t\t<div class=\"elementor-element elementor-element-172208f1 e-flex e-con-boxed e-con e-child\" data-id=\"172208f1\" data-element_type=\"container\">\n\t\t\t\t\t<div class=\"e-con-inner\">\n\t\t\t\t<div class=\"elementor-element elementor-element-746115b5 elementor-position-left elementor-vertical-align-middle elementor-view-default elementor-mobile-position-top elementor-widget elementor-widget-icon-box\" data-id=\"746115b5\" data-element_type=\"widget\" data-widget_type=\"icon-box.default\">\n\t\t\t\t\t\t\t<div class=\"elementor-icon-box-wrapper\">\n\n\t\t\t\t\t\t<div class=\"elementor-icon-box-icon\">\n\t\t\t\t<span  class=\"elementor-icon\">\n\t\t\t\t<svg xmlns=\"http:\/\/www.w3.org\/2000\/svg\" width=\"53\" height=\"55\" viewbox=\"0 0 53 55\" fill=\"none\"><path d=\"M41.6432 0H53.0004L42.4004 54.5141H30.2861L41.6432 0Z\" fill=\"#13569F\"><\/path><path d=\"M26.4994 0H37.8566L27.2566 54.5141H15.1423L26.4994 0Z\" fill=\"#13569F\"><\/path><path d=\"M11.3571 0H22.7142L12.1143 54.5141H0L11.3571 0Z\" fill=\"#13569F\"><\/path><\/svg>\t\t\t\t<\/span>\n\t\t\t<\/div>\n\t\t\t\n\t\t\t\t\t\t<div class=\"elementor-icon-box-content\">\n\n\t\t\t\t\t\t\t\t\t<h3 class=\"elementor-icon-box-title\">\n\t\t\t\t\t\t<span  >\n\t\t\t\t\t\t\tT\u00c4YT\u00c4 T\u00c4M\u00c4 LOMAKE:\t\t\t\t\t\t<\/span>\n\t\t\t\t\t<\/h3>\n\t\t\t\t\n\t\t\t\t\n\t\t\t<\/div>\n\t\t\t\n\t\t<\/div>\n\t\t\t\t\t\t<\/div>\n\t\t\t\t<div class=\"elementor-element elementor-element-325e8c96 elementor-button-align-center elementor-widget elementor-widget-form\" data-id=\"325e8c96\" data-element_type=\"widget\" data-settings=\"{&quot;step_next_label&quot;:&quot;Next&quot;,&quot;step_previous_label&quot;:&quot;Previous&quot;,&quot;button_width&quot;:&quot;100&quot;,&quot;step_type&quot;:&quot;number_text&quot;,&quot;step_icon_shape&quot;:&quot;circle&quot;}\" data-widget_type=\"form.default\">\n\t\t\t\t\t\t\t<form class=\"elementor-form\" method=\"post\" name=\"New Form\" action=\"\">\n\t\t\t<input type=\"hidden\" name=\"post_id\" value=\"385\"\/>\n\t\t\t<input type=\"hidden\" name=\"form_id\" value=\"325e8c96\"\/>\n\t\t\t<input type=\"hidden\" name=\"referer_title\" value=\"Order\" \/>\n\n\t\t\t\t\t\t\t<input type=\"hidden\" name=\"queried_id\" value=\"385\"\/>\n\t\t\t\n\t\t\t<div class=\"elementor-form-fields-wrapper elementor-labels-\">\n\t\t\t\t\t\t\t\t<div class=\"elementor-field-type-text elementor-field-group elementor-column elementor-field-group-name elementor-col-50\">\n\t\t\t\t\t\t\t\t\t\t\t\t<label for=\"form-field-name\" class=\"elementor-field-label elementor-screen-only\">\n\t\t\t\t\t\t\t\tNIMI\t\t\t\t\t\t\t<\/label>\n\t\t\t\t\t\t\t\t\t\t\t\t\t\t<input size=\"1\" type=\"text\" name=\"form_fields[name]\" id=\"form-field-name\" class=\"elementor-field elementor-size-md  elementor-field-textual\" placeholder=\"NIMI\">\n\t\t\t\t\t\t\t\t\t\t\t<\/div>\n\t\t\t\t\t\t\t\t<div class=\"elementor-field-type-email elementor-field-group elementor-column elementor-field-group-email elementor-col-50 elementor-field-required\">\n\t\t\t\t\t\t\t\t\t\t\t\t<label for=\"form-field-email\" class=\"elementor-field-label elementor-screen-only\">\n\t\t\t\t\t\t\t\tS\u00c4HK\u00d6POSTIOSOITE\t\t\t\t\t\t\t<\/label>\n\t\t\t\t\t\t\t\t\t\t\t\t\t\t<input size=\"1\" type=\"email\" name=\"form_fields[email]\" id=\"form-field-email\" class=\"elementor-field elementor-size-md  elementor-field-textual\" placeholder=\"S\u00c4HK\u00d6POSTIOSOITE\" required=\"required\">\n\t\t\t\t\t\t\t\t\t\t\t<\/div>\n\t\t\t\t\t\t\t\t<div class=\"elementor-field-type-text elementor-field-group elementor-column elementor-field-group-field_764530a elementor-col-50\">\n\t\t\t\t\t\t\t\t\t\t\t\t<label for=\"form-field-field_764530a\" class=\"elementor-field-label elementor-screen-only\">\n\t\t\t\t\t\t\t\tYRITYS\t\t\t\t\t\t\t<\/label>\n\t\t\t\t\t\t\t\t\t\t\t\t\t\t<input size=\"1\" type=\"text\" name=\"form_fields[field_764530a]\" id=\"form-field-field_764530a\" class=\"elementor-field elementor-size-md  elementor-field-textual\" placeholder=\"YRITYS\">\n\t\t\t\t\t\t\t\t\t\t\t<\/div>\n\t\t\t\t\t\t\t\t<div class=\"elementor-field-type-text elementor-field-group elementor-column elementor-field-group-field_42e5737 elementor-col-50\">\n\t\t\t\t\t\t\t\t\t\t\t\t<label for=\"form-field-field_42e5737\" class=\"elementor-field-label elementor-screen-only\">\n\t\t\t\t\t\t\t\tMAA\t\t\t\t\t\t\t<\/label>\n\t\t\t\t\t\t\t\t\t\t\t\t\t\t<input size=\"1\" type=\"text\" name=\"form_fields[field_42e5737]\" id=\"form-field-field_42e5737\" class=\"elementor-field elementor-size-md  elementor-field-textual\" placeholder=\"MAA\">\n\t\t\t\t\t\t\t\t\t\t\t<\/div>\n\t\t\t\t\t\t\t\t<div class=\"elementor-field-type-textarea elementor-field-group elementor-column elementor-field-group-message elementor-col-100\">\n\t\t\t\t\t\t\t\t\t\t\t\t<label for=\"form-field-message\" class=\"elementor-field-label elementor-screen-only\">\n\t\t\t\t\t\t\t\tVIESTI\t\t\t\t\t\t\t<\/label>\n\t\t\t\t\t\t<textarea class=\"elementor-field-textual elementor-field  elementor-size-md\" name=\"form_fields[message]\" id=\"form-field-message\" rows=\"4\" placeholder=\"VIESTI\"><\/textarea>\t\t\t\t<\/div>\n\t\t\t\t\t\t\t\t<div class=\"elementor-field-group elementor-column elementor-field-type-submit elementor-col-100 e-form__buttons\">\n\t\t\t\t\t<button class=\"elementor-button elementor-size-sm\" type=\"submit\">\n\t\t\t\t\t\t<span class=\"elementor-button-content-wrapper\">\n\t\t\t\t\t\t\t\t\t\t\t\t\t\t\t\t\t\t\t\t\t\t<span class=\"elementor-button-text\">L\u00c4HET\u00c4<\/span>\n\t\t\t\t\t\t\t\t\t\t\t\t\t<\/span>\n\t\t\t\t\t<\/button>\n\t\t\t\t<\/div>\n\t\t\t<\/div>\n\t\t<input type=\"hidden\" name=\"trp-form-language\" value=\"fi\"\/><\/form>\n\t\t\t\t\t\t<\/div>\n\t\t\t\t\t<\/div>\n\t\t\t\t<\/div>\n\t\t\t\t<\/div>\n\t\t\t\t<\/div>","protected":false},"excerpt":{"rendered":"<p>Try ScanwAi\u20281 Month Full Access for Just \u20ac1999 Unlock the power of AI-driven infrastructure monitoring to revolutionize your road maintenance\u2014risk-free and with no long-term commitments. WHAT\u2019S INCLUDED: Comprehensive AI-powered analysis of road conditions, detecting potholes, cracks, and other defects Conduct a sample inventory of traffic signs over a 5 km stretch to assess current conditions [&hellip;]<\/p>","protected":false},"author":1,"featured_media":0,"parent":0,"menu_order":0,"comment_status":"closed","ping_status":"closed","template":"elementor_header_footer","meta":{"_improvement_type_select":"improve_an_existing","_thumb_yes_seoaic":false,"_frame_yes_seoaic":false,"seoaic_generate_description":"","seoaic_improve_instructions_prompt":"","seoaic_rollback_content_improvement":"","seoaic_idea_thumbnail_generator":"","thumbnail_generated":false,"thumbnail_generate_prompt":"","seoaic_article_description":"","footnotes":""},"class_list":["post-385","page","type-page","status-publish","hentry"],"_links":{"self":[{"href":"https:\/\/scanwai.com\/fi\/wp-json\/wp\/v2\/pages\/385","targetHints":{"allow":["GET"]}}],"collection":[{"href":"https:\/\/scanwai.com\/fi\/wp-json\/wp\/v2\/pages"}],"about":[{"href":"https:\/\/scanwai.com\/fi\/wp-json\/wp\/v2\/types\/page"}],"author":[{"embeddable":true,"href":"https:\/\/scanwai.com\/fi\/wp-json\/wp\/v2\/users\/1"}],"replies":[{"embeddable":true,"href":"https:\/\/scanwai.com\/fi\/wp-json\/wp\/v2\/comments?post=385"}],"version-history":[{"count":36,"href":"https:\/\/scanwai.com\/fi\/wp-json\/wp\/v2\/pages\/385\/revisions"}],"predecessor-version":[{"id":617,"href":"https:\/\/scanwai.com\/fi\/wp-json\/wp\/v2\/pages\/385\/revisions\/617"}],"wp:attachment":[{"href":"https:\/\/scanwai.com\/fi\/wp-json\/wp\/v2\/media?parent=385"}],"curies":[{"name":"wp","href":"https:\/\/api.w.org\/{rel}","templated":true}]}}