{"id":388,"date":"2025-07-15T18:42:43","date_gmt":"2025-07-15T18:42:43","guid":{"rendered":"https:\/\/scanwai.com\/page-4\/"},"modified":"2025-07-17T11:24:19","modified_gmt":"2025-07-17T11:24:19","slug":"benefits","status":"publish","type":"page","link":"https:\/\/scanwai.com\/fi\/benefits\/","title":{"rendered":"Edut"},"content":{"rendered":"<div data-elementor-type=\"wp-page\" data-elementor-id=\"388\" class=\"elementor elementor-388\" data-elementor-post-type=\"page\">\n\t\t\t\t<div class=\"elementor-element elementor-element-57b7b68c e-flex e-con-boxed e-con e-parent\" data-id=\"57b7b68c\" data-element_type=\"container\">\n\t\t\t\t\t<div class=\"e-con-inner\">\n\t\t<div class=\"elementor-element elementor-element-a83e2df e-flex e-con-boxed e-con e-child\" data-id=\"a83e2df\" data-element_type=\"container\" data-settings=\"{&quot;background_background&quot;:&quot;classic&quot;}\">\n\t\t\t\t\t<div class=\"e-con-inner\">\n\t\t\t\t<div class=\"elementor-element elementor-element-3e135d54 elementor-widget elementor-widget-heading\" data-id=\"3e135d54\" data-element_type=\"widget\" data-widget_type=\"heading.default\">\n\t\t\t\t\t<h2 class=\"elementor-heading-title elementor-size-default\">\u00c4lykk\u00e4\u00e4mm\u00e4t tiet, <span style=\"color:#469A46\">turvallisemmat kaupungit<\/span> <br>kohti <span style=\"color:#13569F\">infrastruktuurin<\/span> huippua<\/h2>\t\t\t\t<\/div>\n\t\t\t\t<div class=\"elementor-element elementor-element-559a1198 elementor-widget__width-initial elementor-widget elementor-widget-text-editor\" data-id=\"559a1198\" data-element_type=\"widget\" data-widget_type=\"text-editor.default\">\n\t\t\t\t\t\t\t\t\t<p>Teko\u00e4lyyn perustuvat ratkaisut havaitsevat tieverkoston vaarat varhaisessa vaiheessa, tehostavat kunnossapitoa ja luovat turvallisemman sek\u00e4 saavutettavamman infrastruktuurin kaikille<\/p>\t\t\t\t\t\t\t\t<\/div>\n\t\t\t\t\t<\/div>\n\t\t\t\t<\/div>\n\t\t\t\t\t<\/div>\n\t\t\t\t<\/div>\n\t\t<div class=\"elementor-element elementor-element-5f343c44 e-flex e-con-boxed e-con e-parent\" data-id=\"5f343c44\" data-element_type=\"container\">\n\t\t\t\t\t<div class=\"e-con-inner\">\n\t\t<div class=\"elementor-element elementor-element-7fdfd299 e-con-full e-flex e-con e-child\" data-id=\"7fdfd299\" data-element_type=\"container\">\n\t\t<div class=\"elementor-element elementor-element-7e82766d e-con-full e-flex e-con e-child\" data-id=\"7e82766d\" data-element_type=\"container\">\n\t\t\t\t<div class=\"elementor-element elementor-element-1bca7224 elementor-position-left elementor-vertical-align-middle elementor-view-default elementor-mobile-position-top elementor-widget elementor-widget-icon-box\" data-id=\"1bca7224\" data-element_type=\"widget\" data-widget_type=\"icon-box.default\">\n\t\t\t\t\t\t\t<div class=\"elementor-icon-box-wrapper\">\n\n\t\t\t\t\t\t<div class=\"elementor-icon-box-icon\">\n\t\t\t\t<span  class=\"elementor-icon\">\n\t\t\t\t<svg xmlns=\"http:\/\/www.w3.org\/2000\/svg\" width=\"53\" height=\"55\" viewbox=\"0 0 53 55\" fill=\"none\"><path d=\"M41.6432 0H53.0004L42.4004 54.5141H30.2861L41.6432 0Z\" fill=\"#13569F\"><\/path><path d=\"M26.4994 0H37.8566L27.2566 54.5141H15.1423L26.4994 0Z\" fill=\"#13569F\"><\/path><path d=\"M11.3571 0H22.7142L12.1143 54.5141H0L11.3571 0Z\" fill=\"#13569F\"><\/path><\/svg>\t\t\t\t<\/span>\n\t\t\t<\/div>\n\t\t\t\n\t\t\t\t\t\t<div class=\"elementor-icon-box-content\">\n\n\t\t\t\t\t\t\t\t\t<h3 class=\"elementor-icon-box-title\">\n\t\t\t\t\t\t<span  >\n\t\t\t\t\t\t\tTeko\u00e4lyll\u00e4 toimiva yll\u00e4pito ja laadunvarmistus\t\t\t\t\t\t<\/span>\n\t\t\t\t\t<\/h3>\n\t\t\t\t\n\t\t\t\t\n\t\t\t<\/div>\n\t\t\t\n\t\t<\/div>\n\t\t\t\t\t\t<\/div>\n\t\t\t\t<div class=\"elementor-element elementor-element-7cd49bbd elementor-absolute elementor-widget-divider--view-line elementor-widget elementor-widget-divider\" data-id=\"7cd49bbd\" data-element_type=\"widget\" data-settings=\"{&quot;_position&quot;:&quot;absolute&quot;}\" data-widget_type=\"divider.default\">\n\t\t\t\t\t\t\t<div class=\"elementor-divider\">\n\t\t\t<span class=\"elementor-divider-separator\">\n\t\t\t\t\t\t<\/span>\n\t\t<\/div>\n\t\t\t\t\t\t<\/div>\n\t\t\t\t<\/div>\n\t\t\t\t<\/div>\n\t\t<div class=\"elementor-element elementor-element-69ecde5c e-con-full e-flex e-con e-child\" data-id=\"69ecde5c\" data-element_type=\"container\">\n\t\t<div class=\"elementor-element elementor-element-56ad1ae4 e-con-full e-flex e-con e-child\" data-id=\"56ad1ae4\" data-element_type=\"container\">\n\t\t\t\t<div class=\"elementor-element elementor-element-f18e7f5 elementor-widget__width-initial elementor-widget elementor-widget-image\" data-id=\"f18e7f5\" data-element_type=\"widget\" data-widget_type=\"image.default\">\n\t\t\t\t\t\t\t\t\t\t\t\t\t\t\t<img decoding=\"async\" width=\"133\" height=\"133\" src=\"https:\/\/scanwai.com\/wp-content\/uploads\/2025\/07\/Group-1000006209.png\" class=\"attachment-full size-full wp-image-52\" alt=\"\" \/>\t\t\t\t\t\t\t\t\t\t\t\t\t\t\t<\/div>\n\t\t\t\t<div class=\"elementor-element elementor-element-3393b003 elementor-widget__width-initial elementor-widget elementor-widget-text-editor\" data-id=\"3393b003\" data-element_type=\"widget\" data-widget_type=\"text-editor.default\">\n\t\t\t\t\t\t\t\t\t<p>AI-varmennettu laadunvarmistus<\/p>\t\t\t\t\t\t\t\t<\/div>\n\t\t\t\t<\/div>\n\t\t<div class=\"elementor-element elementor-element-6464106b e-con-full e-flex e-con e-child\" data-id=\"6464106b\" data-element_type=\"container\">\n\t\t\t\t<div class=\"elementor-element elementor-element-2edfcf48 elementor-widget__width-initial elementor-widget elementor-widget-image\" data-id=\"2edfcf48\" data-element_type=\"widget\" data-widget_type=\"image.default\">\n\t\t\t\t\t\t\t\t\t\t\t\t\t\t\t<img decoding=\"async\" width=\"133\" height=\"133\" src=\"https:\/\/scanwai.com\/wp-content\/uploads\/2025\/07\/Group-1000006210.png\" class=\"attachment-full size-full wp-image-53\" alt=\"\" \/>\t\t\t\t\t\t\t\t\t\t\t\t\t\t\t<\/div>\n\t\t\t\t<div class=\"elementor-element elementor-element-326f2b91 elementor-widget__width-initial elementor-widget elementor-widget-text-editor\" data-id=\"326f2b91\" data-element_type=\"widget\" data-widget_type=\"text-editor.default\">\n\t\t\t\t\t\t\t\t\t<p>Helppo k\u00e4ytt\u00f6\u00f6notto \u2013 yhteensopiva eri teknologiaekosysteemien kanssa<\/p>\t\t\t\t\t\t\t\t<\/div>\n\t\t\t\t<\/div>\n\t\t<div class=\"elementor-element elementor-element-5bc6338c e-con-full e-flex e-con e-child\" data-id=\"5bc6338c\" data-element_type=\"container\">\n\t\t\t\t<div class=\"elementor-element elementor-element-2ad20a0b elementor-widget__width-initial elementor-widget elementor-widget-image\" data-id=\"2ad20a0b\" data-element_type=\"widget\" data-widget_type=\"image.default\">\n\t\t\t\t\t\t\t\t\t\t\t\t\t\t\t<img decoding=\"async\" width=\"133\" height=\"133\" src=\"https:\/\/scanwai.com\/wp-content\/uploads\/2025\/07\/Group-1000006211.png\" class=\"attachment-full size-full wp-image-54\" alt=\"\" \/>\t\t\t\t\t\t\t\t\t\t\t\t\t\t\t<\/div>\n\t\t\t\t<div class=\"elementor-element elementor-element-77e71cf9 elementor-widget__width-initial elementor-widget elementor-widget-text-editor\" data-id=\"77e71cf9\" data-element_type=\"widget\" data-widget_type=\"text-editor.default\">\n\t\t\t\t\t\t\t\t\t<p>Parannettu turvallisuus ja laatu<\/p>\t\t\t\t\t\t\t\t<\/div>\n\t\t\t\t<\/div>\n\t\t<div class=\"elementor-element elementor-element-2ccf696f e-con-full e-flex e-con e-child\" data-id=\"2ccf696f\" data-element_type=\"container\">\n\t\t\t\t<div class=\"elementor-element elementor-element-55e2127c elementor-widget__width-initial elementor-widget elementor-widget-image\" data-id=\"55e2127c\" data-element_type=\"widget\" data-widget_type=\"image.default\">\n\t\t\t\t\t\t\t\t\t\t\t\t\t\t\t<img loading=\"lazy\" decoding=\"async\" width=\"133\" height=\"133\" src=\"https:\/\/scanwai.com\/wp-content\/uploads\/2025\/07\/Group-1000006212.png\" class=\"attachment-full size-full wp-image-55\" alt=\"\" \/>\t\t\t\t\t\t\t\t\t\t\t\t\t\t\t<\/div>\n\t\t\t\t<div class=\"elementor-element elementor-element-16d730a4 elementor-widget__width-initial elementor-widget elementor-widget-text-editor\" data-id=\"16d730a4\" data-element_type=\"widget\" data-widget_type=\"text-editor.default\">\n\t\t\t\t\t\t\t\t\tYksinkertaistettu<br>hallinta\t\t\t\t\t\t\t\t<\/div>\n\t\t\t\t<\/div>\n\t\t<div class=\"elementor-element elementor-element-59754418 e-con-full e-flex e-con e-child\" data-id=\"59754418\" data-element_type=\"container\">\n\t\t\t\t<div class=\"elementor-element elementor-element-4df0a3e9 elementor-widget__width-initial elementor-widget elementor-widget-image\" data-id=\"4df0a3e9\" data-element_type=\"widget\" data-widget_type=\"image.default\">\n\t\t\t\t\t\t\t\t\t\t\t\t\t\t\t<img loading=\"lazy\" decoding=\"async\" width=\"133\" height=\"133\" src=\"https:\/\/scanwai.com\/wp-content\/uploads\/2025\/07\/Group-1000006213.png\" class=\"attachment-full size-full wp-image-56\" alt=\"\" \/>\t\t\t\t\t\t\t\t\t\t\t\t\t\t\t<\/div>\n\t\t\t\t<div class=\"elementor-element elementor-element-133c4221 elementor-widget__width-initial elementor-widget elementor-widget-text-editor\" data-id=\"133c4221\" data-element_type=\"widget\" data-widget_type=\"text-editor.default\">\n\t\t\t\t\t\t\t\t\t<p>Korkeampi k\u00e4ytt\u00e4j\u00e4- ja kansalaistyytyv\u00e4isyys<\/p>\t\t\t\t\t\t\t\t<\/div>\n\t\t\t\t<\/div>\n\t\t\t\t<\/div>\n\t\t\t\t\t<\/div>\n\t\t\t\t<\/div>\n\t\t<div class=\"elementor-element elementor-element-5f72ec9 e-flex e-con-boxed e-con e-parent\" data-id=\"5f72ec9\" data-element_type=\"container\">\n\t\t\t\t\t<div class=\"e-con-inner\">\n\t\t\t\t<div class=\"elementor-element elementor-element-452c098a elementor-position-left elementor-vertical-align-middle elementor-view-default elementor-mobile-position-top elementor-widget elementor-widget-icon-box\" data-id=\"452c098a\" data-element_type=\"widget\" data-widget_type=\"icon-box.default\">\n\t\t\t\t\t\t\t<div class=\"elementor-icon-box-wrapper\">\n\n\t\t\t\t\t\t<div class=\"elementor-icon-box-icon\">\n\t\t\t\t<span  class=\"elementor-icon\">\n\t\t\t\t<svg xmlns=\"http:\/\/www.w3.org\/2000\/svg\" width=\"53\" height=\"55\" viewbox=\"0 0 53 55\" fill=\"none\"><path d=\"M41.6432 0H53.0004L42.4004 54.5141H30.2861L41.6432 0Z\" fill=\"#13569F\"><\/path><path d=\"M26.4994 0H37.8566L27.2566 54.5141H15.1423L26.4994 0Z\" fill=\"#13569F\"><\/path><path d=\"M11.3571 0H22.7142L12.1143 54.5141H0L11.3571 0Z\" fill=\"#13569F\"><\/path><\/svg>\t\t\t\t<\/span>\n\t\t\t<\/div>\n\t\t\t\n\t\t\t\t\t\t<div class=\"elementor-icon-box-content\">\n\n\t\t\t\t\t\t\t\t\t<h3 class=\"elementor-icon-box-title\">\n\t\t\t\t\t\t<span  >\n\t\t\t\t\t\t\t\u00c4lykk\u00e4\u00e4t hy\u00f6dyt, todelliset vaikutukset:\t\t\t\t\t\t<\/span>\n\t\t\t\t\t<\/h3>\n\t\t\t\t\n\t\t\t\t\n\t\t\t<\/div>\n\t\t\t\n\t\t<\/div>\n\t\t\t\t\t\t<\/div>\n\t\t<div class=\"elementor-element elementor-element-7681327e e-con-full e-flex e-con e-child\" data-id=\"7681327e\" data-element_type=\"container\">\n\t\t<div class=\"elementor-element elementor-element-4e1dddbc e-con-full e-flex e-con e-child\" data-id=\"4e1dddbc\" data-element_type=\"container\">\n\t\t<div class=\"elementor-element elementor-element-72cea86d e-con-full e-flex e-con e-child\" data-id=\"72cea86d\" data-element_type=\"container\">\n\t\t<div class=\"elementor-element elementor-element-7ee91ae3 e-con-full e-flex e-con e-child\" data-id=\"7ee91ae3\" data-element_type=\"container\" data-settings=\"{&quot;background_background&quot;:&quot;classic&quot;}\">\n\t\t\t\t<div class=\"elementor-element elementor-element-4b6cbe elementor-widget__width-initial elementor-widget elementor-widget-image\" data-id=\"4b6cbe\" data-element_type=\"widget\" data-widget_type=\"image.default\">\n\t\t\t\t\t\t\t\t\t\t\t\t\t\t\t<img loading=\"lazy\" decoding=\"async\" width=\"61\" height=\"61\" src=\"https:\/\/scanwai.com\/wp-content\/uploads\/2025\/07\/Group-1000006214.png\" class=\"attachment-full size-full wp-image-57\" alt=\"\" \/>\t\t\t\t\t\t\t\t\t\t\t\t\t\t\t<\/div>\n\t\t\t\t<div class=\"elementor-element elementor-element-64a1bca1 elementor-widget elementor-widget-heading\" data-id=\"64a1bca1\" data-element_type=\"widget\" data-widget_type=\"heading.default\">\n\t\t\t\t\t<h2 class=\"elementor-heading-title elementor-size-default\">YMP\u00c4RIST\u00d6N KEST\u00c4VYYS<\/h2>\t\t\t\t<\/div>\n\t\t\t\t<div class=\"elementor-element elementor-element-675e2d36 elementor-widget__width-initial elementor-widget elementor-widget-text-editor\" data-id=\"675e2d36\" data-element_type=\"widget\" data-widget_type=\"text-editor.default\">\n\t\t\t\t\t\t\t\t\t<p>V\u00e4hent\u00e4\u00e4 kunnossapidon ymp\u00e4rist\u00f6vaikutuksia edist\u00e4m\u00e4ll\u00e4 kest\u00e4vi\u00e4 k\u00e4yt\u00e4nt\u00f6j\u00e4<\/p>\t\t\t\t\t\t\t\t<\/div>\n\t\t\t\t<\/div>\n\t\t<div class=\"elementor-element elementor-element-5654dbd5 e-con-full e-flex e-con e-child\" data-id=\"5654dbd5\" data-element_type=\"container\" data-settings=\"{&quot;background_background&quot;:&quot;classic&quot;}\">\n\t\t\t\t<div class=\"elementor-element elementor-element-3653b8ab elementor-widget__width-initial elementor-widget elementor-widget-image\" data-id=\"3653b8ab\" data-element_type=\"widget\" data-widget_type=\"image.default\">\n\t\t\t\t\t\t\t\t\t\t\t\t\t\t\t<img loading=\"lazy\" decoding=\"async\" width=\"61\" height=\"61\" src=\"https:\/\/scanwai.com\/wp-content\/uploads\/2025\/07\/Group-1000006215.png\" class=\"attachment-full size-full wp-image-58\" alt=\"\" \/>\t\t\t\t\t\t\t\t\t\t\t\t\t\t\t<\/div>\n\t\t\t\t<div class=\"elementor-element elementor-element-2e1aa137 elementor-widget elementor-widget-heading\" data-id=\"2e1aa137\" data-element_type=\"widget\" data-widget_type=\"heading.default\">\n\t\t\t\t\t<h2 class=\"elementor-heading-title elementor-size-default\">PAREMPI EL\u00c4M\u00c4NLAATU <\/h2>\t\t\t\t<\/div>\n\t\t\t\t<div class=\"elementor-element elementor-element-37d49b80 elementor-widget__width-initial elementor-widget elementor-widget-text-editor\" data-id=\"37d49b80\" data-element_type=\"widget\" data-widget_type=\"text-editor.default\">\n\t\t\t\t\t\t\t\t\t<p>turvallisempi ja luotettavampi tieinfrastruktuuri asukkaille<\/p>\t\t\t\t\t\t\t\t<\/div>\n\t\t\t\t<\/div>\n\t\t<div class=\"elementor-element elementor-element-60e7e4f e-con-full e-flex e-con e-child\" data-id=\"60e7e4f\" data-element_type=\"container\" data-settings=\"{&quot;background_background&quot;:&quot;classic&quot;}\">\n\t\t\t\t<div class=\"elementor-element elementor-element-e2f421a elementor-widget__width-initial elementor-widget elementor-widget-image\" data-id=\"e2f421a\" data-element_type=\"widget\" data-widget_type=\"image.default\">\n\t\t\t\t\t\t\t\t\t\t\t\t\t\t\t<img loading=\"lazy\" decoding=\"async\" width=\"61\" height=\"61\" src=\"https:\/\/scanwai.com\/wp-content\/uploads\/2025\/07\/Group-1000006213-1.png\" class=\"attachment-full size-full wp-image-59\" alt=\"\" \/>\t\t\t\t\t\t\t\t\t\t\t\t\t\t\t<\/div>\n\t\t\t\t<div class=\"elementor-element elementor-element-51ada31c elementor-widget elementor-widget-heading\" data-id=\"51ada31c\" data-element_type=\"widget\" data-widget_type=\"heading.default\">\n\t\t\t\t\t<h2 class=\"elementor-heading-title elementor-size-default\">PAREMPI LIIKENNEVIRTAUSTA: <\/h2>\t\t\t\t<\/div>\n\t\t\t\t<div class=\"elementor-element elementor-element-495a0202 elementor-widget__width-initial elementor-widget elementor-widget-text-editor\" data-id=\"495a0202\" data-element_type=\"widget\" data-widget_type=\"text-editor.default\">\n\t\t\t\t\t\t\t\t\t<p>v\u00e4hemm\u00e4n ruuhkia, nopeammat matka-ajat ja tehokkaampi liikennevirtaus<\/p>\t\t\t\t\t\t\t\t<\/div>\n\t\t\t\t<\/div>\n\t\t<div class=\"elementor-element elementor-element-41e1f4e2 e-con-full e-flex e-con e-child\" data-id=\"41e1f4e2\" data-element_type=\"container\" data-settings=\"{&quot;background_background&quot;:&quot;classic&quot;}\">\n\t\t\t\t<div class=\"elementor-element elementor-element-67cca70c elementor-widget__width-initial elementor-widget elementor-widget-image\" data-id=\"67cca70c\" data-element_type=\"widget\" data-widget_type=\"image.default\">\n\t\t\t\t\t\t\t\t\t\t\t\t\t\t\t<img loading=\"lazy\" decoding=\"async\" width=\"61\" height=\"61\" src=\"https:\/\/scanwai.com\/wp-content\/uploads\/2025\/07\/Group-1000006214-1.png\" class=\"attachment-full size-full wp-image-60\" alt=\"\" \/>\t\t\t\t\t\t\t\t\t\t\t\t\t\t\t<\/div>\n\t\t\t\t<div class=\"elementor-element elementor-element-71053056 elementor-widget elementor-widget-heading\" data-id=\"71053056\" data-element_type=\"widget\" data-widget_type=\"heading.default\">\n\t\t\t\t\t<h2 class=\"elementor-heading-title elementor-size-default\">LIS\u00c4\u00c4NTYNYT KANSALAISTYYTYV\u00c4ISYYS<\/h2>\t\t\t\t<\/div>\n\t\t\t\t<div class=\"elementor-element elementor-element-6961d1cf elementor-widget__width-initial elementor-widget elementor-widget-text-editor\" data-id=\"6961d1cf\" data-element_type=\"widget\" data-widget_type=\"text-editor.default\">\n\t\t\t\t\t\t\t\t\t<p>parempi ajokokemus ja luottamus infrastruktuuriin<\/p>\t\t\t\t\t\t\t\t<\/div>\n\t\t\t\t<\/div>\n\t\t\t\t<\/div>\n\t\t<div class=\"elementor-element elementor-element-2e126247 e-con-full e-flex e-con e-child\" data-id=\"2e126247\" data-element_type=\"container\">\n\t\t<div class=\"elementor-element elementor-element-2b8b2b7 e-con-full e-flex e-con e-child\" data-id=\"2b8b2b7\" data-element_type=\"container\" data-settings=\"{&quot;background_background&quot;:&quot;classic&quot;}\">\n\t\t\t\t<div class=\"elementor-element elementor-element-e730c11 elementor-widget__width-initial elementor-widget elementor-widget-image\" data-id=\"e730c11\" data-element_type=\"widget\" data-widget_type=\"image.default\">\n\t\t\t\t\t\t\t\t\t\t\t\t\t\t\t<img loading=\"lazy\" decoding=\"async\" width=\"61\" height=\"61\" src=\"https:\/\/scanwai.com\/wp-content\/uploads\/2025\/07\/Group-1000006215-1.png\" class=\"attachment-full size-full wp-image-61\" alt=\"\" \/>\t\t\t\t\t\t\t\t\t\t\t\t\t\t\t<\/div>\n\t\t\t\t<div class=\"elementor-element elementor-element-1c27a417 elementor-widget elementor-widget-heading\" data-id=\"1c27a417\" data-element_type=\"widget\" data-widget_type=\"heading.default\">\n\t\t\t\t\t<h2 class=\"elementor-heading-title elementor-size-default\">YKSINKERTAISTETTU HALLINTA: <\/h2>\t\t\t\t<\/div>\n\t\t\t\t<div class=\"elementor-element elementor-element-7592911d elementor-widget__width-initial elementor-widget elementor-widget-text-editor\" data-id=\"7592911d\" data-element_type=\"widget\" data-widget_type=\"text-editor.default\">\n\t\t\t\t\t\t\t\t\t<p>kunnossapidon prosessit yksinkertaisemmiksi<\/p>\t\t\t\t\t\t\t\t<\/div>\n\t\t\t\t<\/div>\n\t\t<div class=\"elementor-element elementor-element-167df236 e-con-full e-flex e-con e-child\" data-id=\"167df236\" data-element_type=\"container\" data-settings=\"{&quot;background_background&quot;:&quot;classic&quot;}\">\n\t\t\t\t<div class=\"elementor-element elementor-element-54c05638 elementor-widget__width-initial elementor-widget elementor-widget-image\" data-id=\"54c05638\" data-element_type=\"widget\" data-widget_type=\"image.default\">\n\t\t\t\t\t\t\t\t\t\t\t\t\t\t\t<img loading=\"lazy\" decoding=\"async\" width=\"61\" height=\"61\" src=\"https:\/\/scanwai.com\/wp-content\/uploads\/2025\/07\/Group-1000006216.png\" class=\"attachment-full size-full wp-image-62\" alt=\"\" \/>\t\t\t\t\t\t\t\t\t\t\t\t\t\t\t<\/div>\n\t\t\t\t<div class=\"elementor-element elementor-element-32ff2f61 elementor-widget elementor-widget-heading\" data-id=\"32ff2f61\" data-element_type=\"widget\" data-widget_type=\"heading.default\">\n\t\t\t\t\t<h2 class=\"elementor-heading-title elementor-size-default\">KUSTANNUSS\u00c4\u00c4ST\u00d6T KUNNOSSA: <\/h2>\t\t\t\t<\/div>\n\t\t\t\t<div class=\"elementor-element elementor-element-91225d elementor-widget__width-initial elementor-widget elementor-widget-text-editor\" data-id=\"91225d\" data-element_type=\"widget\" data-widget_type=\"text-editor.default\">\n\t\t\t\t\t\t\t\t\t<p>optimoidut huoltoaikataulut ja kohdennetut toimenpiteet v\u00e4hent\u00e4v\u00e4t kuluja<\/p>\t\t\t\t\t\t\t\t<\/div>\n\t\t\t\t<\/div>\n\t\t<div class=\"elementor-element elementor-element-769d03e7 e-con-full e-flex e-con e-child\" data-id=\"769d03e7\" data-element_type=\"container\" data-settings=\"{&quot;background_background&quot;:&quot;classic&quot;}\">\n\t\t\t\t<div class=\"elementor-element elementor-element-7a597ea3 elementor-widget__width-initial elementor-widget elementor-widget-image\" data-id=\"7a597ea3\" data-element_type=\"widget\" data-widget_type=\"image.default\">\n\t\t\t\t\t\t\t\t\t\t\t\t\t\t\t<img loading=\"lazy\" decoding=\"async\" width=\"61\" height=\"61\" src=\"https:\/\/scanwai.com\/wp-content\/uploads\/2025\/07\/Group-1000006217.png\" class=\"attachment-full size-full wp-image-63\" alt=\"\" \/>\t\t\t\t\t\t\t\t\t\t\t\t\t\t\t<\/div>\n\t\t\t\t<div class=\"elementor-element elementor-element-ba94c64 elementor-widget elementor-widget-heading\" data-id=\"ba94c64\" data-element_type=\"widget\" data-widget_type=\"heading.default\">\n\t\t\t\t\t<h2 class=\"elementor-heading-title elementor-size-default\">AI-HYV\u00c4KSYTTY LAADUNVARMISTUS: <\/h2>\t\t\t\t<\/div>\n\t\t\t\t<div class=\"elementor-element elementor-element-45c61711 elementor-widget__width-initial elementor-widget elementor-widget-text-editor\" data-id=\"45c61711\" data-element_type=\"widget\" data-widget_type=\"text-editor.default\">\n\t\t\t\t\t\t\t\t\t<p>AI takaa tarkemman tiedonkeruun ja analyysin<\/p>\t\t\t\t\t\t\t\t<\/div>\n\t\t\t\t<\/div>\n\t\t<div class=\"elementor-element elementor-element-7e5af198 e-con-full e-flex e-con e-child\" data-id=\"7e5af198\" data-element_type=\"container\" data-settings=\"{&quot;background_background&quot;:&quot;classic&quot;}\">\n\t\t\t\t<div class=\"elementor-element elementor-element-770bdad5 elementor-widget__width-initial elementor-widget elementor-widget-image\" data-id=\"770bdad5\" data-element_type=\"widget\" data-widget_type=\"image.default\">\n\t\t\t\t\t\t\t\t\t\t\t\t\t\t\t<img loading=\"lazy\" decoding=\"async\" width=\"61\" height=\"61\" src=\"https:\/\/scanwai.com\/wp-content\/uploads\/2025\/07\/Group-1000006218.png\" class=\"attachment-full size-full wp-image-64\" alt=\"\" \/>\t\t\t\t\t\t\t\t\t\t\t\t\t\t\t<\/div>\n\t\t\t\t<div class=\"elementor-element elementor-element-3d6e79c elementor-widget elementor-widget-heading\" data-id=\"3d6e79c\" data-element_type=\"widget\" data-widget_type=\"heading.default\">\n\t\t\t\t\t<h2 class=\"elementor-heading-title elementor-size-default\">V\u00c4HEMM\u00c4N RUUHKIA JA CO\u2082-P\u00c4\u00c4ST\u00d6J\u00c4 <\/h2>\t\t\t\t<\/div>\n\t\t\t\t<div class=\"elementor-element elementor-element-43577e6f elementor-widget__width-initial elementor-widget elementor-widget-text-editor\" data-id=\"43577e6f\" data-element_type=\"widget\" data-widget_type=\"text-editor.default\">\n\t\t\t\t\t\t\t\t\t<p>tehokkaampi kunnossapito pienent\u00e4\u00e4 liikenteen kuormitusta ja ymp\u00e4rist\u00f6vaikutuksia<\/p>\t\t\t\t\t\t\t\t<\/div>\n\t\t\t\t<\/div>\n\t\t\t\t<\/div>\n\t\t\t\t<\/div>\n\t\t\t\t<\/div>\n\t\t\t\t\t<\/div>\n\t\t\t\t<\/div>\n\t\t<div class=\"elementor-element elementor-element-34364232 e-con-full e-flex e-con e-parent\" data-id=\"34364232\" data-element_type=\"container\" data-settings=\"{&quot;background_background&quot;:&quot;classic&quot;}\">\n\t\t<div class=\"elementor-element elementor-element-11c93d54 e-flex e-con-boxed e-con e-child\" data-id=\"11c93d54\" data-element_type=\"container\">\n\t\t\t\t\t<div class=\"e-con-inner\">\n\t\t\t\t<div class=\"elementor-element elementor-element-7ddfdb53 elementor-position-left elementor-vertical-align-middle elementor-view-default elementor-mobile-position-top elementor-widget elementor-widget-icon-box\" data-id=\"7ddfdb53\" data-element_type=\"widget\" data-widget_type=\"icon-box.default\">\n\t\t\t\t\t\t\t<div class=\"elementor-icon-box-wrapper\">\n\n\t\t\t\t\t\t<div class=\"elementor-icon-box-icon\">\n\t\t\t\t<span  class=\"elementor-icon\">\n\t\t\t\t<svg xmlns=\"http:\/\/www.w3.org\/2000\/svg\" width=\"53\" height=\"55\" viewbox=\"0 0 53 55\" fill=\"none\"><path d=\"M41.6432 0H53.0004L42.4004 54.5141H30.2861L41.6432 0Z\" fill=\"#13569F\"><\/path><path d=\"M26.4994 0H37.8566L27.2566 54.5141H15.1423L26.4994 0Z\" fill=\"#13569F\"><\/path><path d=\"M11.3571 0H22.7142L12.1143 54.5141H0L11.3571 0Z\" fill=\"#13569F\"><\/path><\/svg>\t\t\t\t<\/span>\n\t\t\t<\/div>\n\t\t\t\n\t\t\t\t\t\t<div class=\"elementor-icon-box-content\">\n\n\t\t\t\t\t\t\t\t\t<h3 class=\"elementor-icon-box-title\">\n\t\t\t\t\t\t<span  >\n\t\t\t\t\t\t\tGlobaali ulottuvuus, paikallinen vaikutus\t\t\t\t\t\t<\/span>\n\t\t\t\t\t<\/h3>\n\t\t\t\t\n\t\t\t\t\n\t\t\t<\/div>\n\t\t\t\n\t\t<\/div>\n\t\t\t\t\t\t<\/div>\n\t\t\t\t<div class=\"elementor-element elementor-element-6d827409 elementor-widget elementor-widget-image\" data-id=\"6d827409\" data-element_type=\"widget\" data-widget_type=\"image.default\">\n\t\t\t\t\t\t\t\t\t\t\t\t\t\t\t<img loading=\"lazy\" decoding=\"async\" width=\"1883\" height=\"833\" src=\"https:\/\/scanwai.com\/wp-content\/uploads\/2025\/07\/Group-1000006173.png\" class=\"attachment-full size-full wp-image-65\" alt=\"\" srcset=\"https:\/\/scanwai.com\/wp-content\/uploads\/2025\/07\/Group-1000006173.png 1883w, https:\/\/scanwai.com\/wp-content\/uploads\/2025\/07\/Group-1000006173-300x133.png 300w, https:\/\/scanwai.com\/wp-content\/uploads\/2025\/07\/Group-1000006173-1024x453.png 1024w, https:\/\/scanwai.com\/wp-content\/uploads\/2025\/07\/Group-1000006173-768x340.png 768w, https:\/\/scanwai.com\/wp-content\/uploads\/2025\/07\/Group-1000006173-1536x679.png 1536w\" sizes=\"(max-width: 1883px) 100vw, 1883px\" \/>\t\t\t\t\t\t\t\t\t\t\t\t\t\t\t<\/div>\n\t\t\t\t\t<\/div>\n\t\t\t\t<\/div>\n\t\t\t\t<\/div>\n\t\t\t\t<\/div>","protected":false},"excerpt":{"rendered":"<p>Smarter Roads, Safer Cities for Infrastructure Excellence AI-driven insights that detect road hazards early, streamline maintenance operations, and create safer, more accessible infrastructure for everyone. Ai-powered infrastructure maintenance and quality assurance AI-qualified Quality Assurance Easy and quick to implement, Tech Ecosystem compatible Enhanced\u2028Safety and Quality Simplified\u2028management Increased Public and Citizen satisfaction Smart Benefits, Real Impact [&hellip;]<\/p>","protected":false},"author":1,"featured_media":0,"parent":0,"menu_order":0,"comment_status":"closed","ping_status":"closed","template":"elementor_header_footer","meta":{"_improvement_type_select":"improve_an_existing","_thumb_yes_seoaic":false,"_frame_yes_seoaic":false,"seoaic_generate_description":"","seoaic_improve_instructions_prompt":"","seoaic_rollback_content_improvement":"","seoaic_idea_thumbnail_generator":"","thumbnail_generated":false,"thumbnail_generate_prompt":"","seoaic_article_description":"","footnotes":""},"class_list":["post-388","page","type-page","status-publish","hentry"],"_links":{"self":[{"href":"https:\/\/scanwai.com\/fi\/wp-json\/wp\/v2\/pages\/388","targetHints":{"allow":["GET"]}}],"collection":[{"href":"https:\/\/scanwai.com\/fi\/wp-json\/wp\/v2\/pages"}],"about":[{"href":"https:\/\/scanwai.com\/fi\/wp-json\/wp\/v2\/types\/page"}],"author":[{"embeddable":true,"href":"https:\/\/scanwai.com\/fi\/wp-json\/wp\/v2\/users\/1"}],"replies":[{"embeddable":true,"href":"https:\/\/scanwai.com\/fi\/wp-json\/wp\/v2\/comments?post=388"}],"version-history":[{"count":11,"href":"https:\/\/scanwai.com\/fi\/wp-json\/wp\/v2\/pages\/388\/revisions"}],"predecessor-version":[{"id":563,"href":"https:\/\/scanwai.com\/fi\/wp-json\/wp\/v2\/pages\/388\/revisions\/563"}],"wp:attachment":[{"href":"https:\/\/scanwai.com\/fi\/wp-json\/wp\/v2\/media?parent=388"}],"curies":[{"name":"wp","href":"https:\/\/api.w.org\/{rel}","templated":true}]}}